{"id":1049,"date":"2018-03-11T17:49:31","date_gmt":"2018-03-11T16:49:31","guid":{"rendered":"http:\/\/ses-lfz.ch\/sesnet\/?page_id=1049"},"modified":"2018-03-21T00:57:04","modified_gmt":"2018-03-20T23:57:04","slug":"ressources-videos","status":"publish","type":"page","link":"http:\/\/ses-lfz.ch\/sesnet\/seconde-1-ses\/chapitre-4-produire-combien-produire\/ressources-videos\/","title":{"rendered":"Ressources vid\u00e9os"},"content":{"rendered":"<p>Vid\u00e9o 1 : La fabrication des chips<\/p>\n<p><iframe loading=\"lazy\" src=\"\/\/www.dailymotion.com\/embed\/video\/x3gc08\" width=\"480\" height=\"270\" frameborder=\"0\" allowfullscreen=\"allowfullscreen\"><\/iframe><\/p>\n<p>Vid\u00e9o 2 : La combinaison productive<\/p>\n<p><iframe loading=\"lazy\" src=\"https:\/\/www.youtube.com\/embed\/8TGWb6kW4vI\" width=\"560\" height=\"315\" frameborder=\"0\" allowfullscreen=\"allowfullscreen\"><\/iframe><\/p>\n<p>Vid\u00e9o 3 : le calcul de la valeur ajout\u00e9e<\/p>\n<p><iframe loading=\"lazy\" src=\"https:\/\/www.youtube.com\/embed\/Tv9FNmMQbw8\" width=\"560\" height=\"315\" frameborder=\"0\" allowfullscreen=\"allowfullscreen\"><\/iframe><\/p>\n<p>Vid\u00e9o 4 : Combien produire<\/p>\n<p><iframe loading=\"lazy\" src=\"https:\/\/www.youtube.com\/embed\/V8_kSjwLJbA\" width=\"560\" height=\"315\" frameborder=\"0\" allowfullscreen=\"allowfullscreen\"><\/iframe><\/p>\n<p>Vid\u00e9o 5 : La productivit\u00e9<\/p>\n<p><iframe loading=\"lazy\" width=\"560\" height=\"315\" src=\"https:\/\/www.youtube.com\/embed\/LsvaXKYA8wE\" frameborder=\"0\" allow=\"autoplay; encrypted-media\" allowfullscreen><\/iframe><\/p>\n<p>Vid\u00e9o 6 : Quelles relations entre gains de productivit\u00e9 et progr\u00e8s technique ?<\/p>\n<p><iframe loading=\"lazy\" width=\"560\" height=\"315\" src=\"https:\/\/www.youtube.com\/embed\/oSfvJ68o6uU\" frameborder=\"0\" allow=\"autoplay; encrypted-media\" allowfullscreen><\/iframe><br \/>\n&nbsp;<\/p>\n","protected":false},"excerpt":{"rendered":"<p>Vid\u00e9o 1 : La fabrication des chips Vid\u00e9o 2 : La combinaison productive Vid\u00e9o 3 : le calcul de la valeur ajout\u00e9e Vid\u00e9o 4 : Combien produire Vid\u00e9o 5 : La productivit\u00e9 Vid\u00e9o 6 : Quelles relations entre gains de productivit\u00e9 et progr\u00e8s technique ? &nbsp;<\/p>\n","protected":false},"author":1,"featured_media":0,"parent":1046,"menu_order":0,"comment_status":"closed","ping_status":"closed","template":"","meta":{"footnotes":""},"_links":{"self":[{"href":"http:\/\/ses-lfz.ch\/sesnet\/wp-json\/wp\/v2\/pages\/1049"}],"collection":[{"href":"http:\/\/ses-lfz.ch\/sesnet\/wp-json\/wp\/v2\/pages"}],"about":[{"href":"http:\/\/ses-lfz.ch\/sesnet\/wp-json\/wp\/v2\/types\/page"}],"author":[{"embeddable":true,"href":"http:\/\/ses-lfz.ch\/sesnet\/wp-json\/wp\/v2\/users\/1"}],"replies":[{"embeddable":true,"href":"http:\/\/ses-lfz.ch\/sesnet\/wp-json\/wp\/v2\/comments?post=1049"}],"version-history":[{"count":7,"href":"http:\/\/ses-lfz.ch\/sesnet\/wp-json\/wp\/v2\/pages\/1049\/revisions"}],"predecessor-version":[{"id":1076,"href":"http:\/\/ses-lfz.ch\/sesnet\/wp-json\/wp\/v2\/pages\/1049\/revisions\/1076"}],"up":[{"embeddable":true,"href":"http:\/\/ses-lfz.ch\/sesnet\/wp-json\/wp\/v2\/pages\/1046"}],"wp:attachment":[{"href":"http:\/\/ses-lfz.ch\/sesnet\/wp-json\/wp\/v2\/media?parent=1049"}],"curies":[{"name":"wp","href":"https:\/\/api.w.org\/{rel}","templated":true}]}}