{"id":1144,"date":"2018-05-22T12:26:23","date_gmt":"2018-05-22T10:26:23","guid":{"rendered":"http:\/\/ses-lfz.ch\/sesnet\/?page_id=1144"},"modified":"2018-05-22T12:41:30","modified_gmt":"2018-05-22T10:41:30","slug":"chapitre-8-comment-devenons-nous-des-acteurs-sociaux","status":"publish","type":"page","link":"http:\/\/ses-lfz.ch\/sesnet\/chapitre-8-comment-devenons-nous-des-acteurs-sociaux\/","title":{"rendered":"Chapitre 8 : Comment devenons-nous des acteurs sociaux ?"},"content":{"rendered":"<p>Vid\u00e9o 1 : Le processus de socialisation<br \/>\n<iframe loading=\"lazy\" width=\"560\" height=\"315\" src=\"https:\/\/www.youtube.com\/embed\/NZNFyKenbms\" frameborder=\"0\" allow=\"autoplay; encrypted-media\" allowfullscreen><\/iframe><\/p>\n<p>Vid\u00e9o 2 : Comment la socialisation de l&rsquo;enfant s&rsquo;effectue-t-elle<br \/>\n<iframe loading=\"lazy\" width=\"560\" height=\"315\" src=\"https:\/\/www.youtube.com\/embed\/JhFLLhG6XKM\" frameborder=\"0\" allow=\"autoplay; encrypted-media\" allowfullscreen><\/iframe><\/p>\n<p>Vid\u00e9o 3 : Instances et m\u00e9canismes de socialisation<br \/>\n<iframe loading=\"lazy\" width=\"560\" height=\"315\" src=\"https:\/\/www.youtube.com\/embed\/j1Y1VuwWf84\" frameborder=\"0\" allow=\"autoplay; encrypted-media\" allowfullscreen><\/iframe> <\/p>\n<p>Vid\u00e9o 4 : La socialisation diff\u00e9renci\u00e9e<br \/>\n<iframe loading=\"lazy\" width=\"560\" height=\"315\" src=\"https:\/\/www.youtube.com\/embed\/4h_0vEh9UP4\" frameborder=\"0\" allow=\"autoplay; encrypted-media\" allowfullscreen><\/iframe><\/p>\n<p>Vid\u00e9o 1 : <\/p>\n<p>Vid\u00e9o 1 : <\/p>\n","protected":false},"excerpt":{"rendered":"<p>Vid\u00e9o 1 : Le processus de socialisation Vid\u00e9o 2 : Comment la socialisation de l&rsquo;enfant s&rsquo;effectue-t-elle Vid\u00e9o 3 : Instances et m\u00e9canismes de socialisation Vid\u00e9o 4 : La socialisation diff\u00e9renci\u00e9e Vid\u00e9o 1 : Vid\u00e9o 1 :<\/p>\n","protected":false},"author":1,"featured_media":0,"parent":0,"menu_order":0,"comment_status":"closed","ping_status":"closed","template":"","meta":{"footnotes":""},"_links":{"self":[{"href":"http:\/\/ses-lfz.ch\/sesnet\/wp-json\/wp\/v2\/pages\/1144"}],"collection":[{"href":"http:\/\/ses-lfz.ch\/sesnet\/wp-json\/wp\/v2\/pages"}],"about":[{"href":"http:\/\/ses-lfz.ch\/sesnet\/wp-json\/wp\/v2\/types\/page"}],"author":[{"embeddable":true,"href":"http:\/\/ses-lfz.ch\/sesnet\/wp-json\/wp\/v2\/users\/1"}],"replies":[{"embeddable":true,"href":"http:\/\/ses-lfz.ch\/sesnet\/wp-json\/wp\/v2\/comments?post=1144"}],"version-history":[{"count":6,"href":"http:\/\/ses-lfz.ch\/sesnet\/wp-json\/wp\/v2\/pages\/1144\/revisions"}],"predecessor-version":[{"id":1151,"href":"http:\/\/ses-lfz.ch\/sesnet\/wp-json\/wp\/v2\/pages\/1144\/revisions\/1151"}],"wp:attachment":[{"href":"http:\/\/ses-lfz.ch\/sesnet\/wp-json\/wp\/v2\/media?parent=1144"}],"curies":[{"name":"wp","href":"https:\/\/api.w.org\/{rel}","templated":true}]}}