{"id":13,"date":"2017-07-18T16:45:24","date_gmt":"2017-07-18T14:45:24","guid":{"rendered":"http:\/\/ses-lfz.ch\/sesnet\/?page_id=13"},"modified":"2017-09-17T22:37:47","modified_gmt":"2017-09-17T20:37:47","slug":"emc-terminale","status":"publish","type":"page","link":"http:\/\/ses-lfz.ch\/sesnet\/emc\/emc-terminale\/","title":{"rendered":"EMC Terminale"},"content":{"rendered":"<p><a href=\"http:\/\/ses-lfz.ch\/sesnet\/emc\/emc-terminale\/programme-emc-terminale\/\">Programme<\/a><\/p>\n<p><a href=\"http:\/\/ses-lfz.ch\/sesnet\/emc\/emc-terminale\/ressources-par-theme\/\">Ressources par th\u00e8me<\/a><\/p>\n<p>Travaux des \u00e9l\u00e8ves<\/p>\n","protected":false},"excerpt":{"rendered":"<p>Programme Ressources par th\u00e8me Travaux des \u00e9l\u00e8ves<\/p>\n","protected":false},"author":1,"featured_media":0,"parent":12,"menu_order":0,"comment_status":"closed","ping_status":"closed","template":"","meta":{"footnotes":""},"_links":{"self":[{"href":"http:\/\/ses-lfz.ch\/sesnet\/wp-json\/wp\/v2\/pages\/13"}],"collection":[{"href":"http:\/\/ses-lfz.ch\/sesnet\/wp-json\/wp\/v2\/pages"}],"about":[{"href":"http:\/\/ses-lfz.ch\/sesnet\/wp-json\/wp\/v2\/types\/page"}],"author":[{"embeddable":true,"href":"http:\/\/ses-lfz.ch\/sesnet\/wp-json\/wp\/v2\/users\/1"}],"replies":[{"embeddable":true,"href":"http:\/\/ses-lfz.ch\/sesnet\/wp-json\/wp\/v2\/comments?post=13"}],"version-history":[{"count":6,"href":"http:\/\/ses-lfz.ch\/sesnet\/wp-json\/wp\/v2\/pages\/13\/revisions"}],"predecessor-version":[{"id":402,"href":"http:\/\/ses-lfz.ch\/sesnet\/wp-json\/wp\/v2\/pages\/13\/revisions\/402"}],"up":[{"embeddable":true,"href":"http:\/\/ses-lfz.ch\/sesnet\/wp-json\/wp\/v2\/pages\/12"}],"wp:attachment":[{"href":"http:\/\/ses-lfz.ch\/sesnet\/wp-json\/wp\/v2\/media?parent=13"}],"curies":[{"name":"wp","href":"https:\/\/api.w.org\/{rel}","templated":true}]}}