{"id":1300,"date":"2018-11-26T17:45:03","date_gmt":"2018-11-26T16:45:03","guid":{"rendered":"http:\/\/ses-lfz.ch\/sesnet\/?page_id=1300"},"modified":"2018-11-26T18:29:49","modified_gmt":"2018-11-26T17:29:49","slug":"ressources-videos-chapitre-7-socialisations-et-identites-sociales","status":"publish","type":"page","link":"http:\/\/ses-lfz.ch\/sesnet\/ressources-videos-chapitre-7-socialisations-et-identites-sociales\/","title":{"rendered":"Ressources vid\u00e9os &#8211; Chapitre 7 : Socialisations et  identit\u00e9s sociales"},"content":{"rendered":"<p>Vid\u00e9o 1 : Comment la socialisation de l&rsquo;enfant s&rsquo;effectue-t-elle ?<\/p>\n<p><iframe loading=\"lazy\" src=\"https:\/\/www.youtube.com\/embed\/JhFLLhG6XKM\" width=\"560\" height=\"315\" frameborder=\"0\" allowfullscreen=\"allowfullscreen\"><\/iframe><\/p>\n<p>Vid\u00e9o 2 : De la socialisation de l&rsquo;enfant \u00e0 la socialisation de l&rsquo;adulte : continuit\u00e9 ou ruptures ?<\/p>\n<p><iframe loading=\"lazy\" src=\"https:\/\/www.youtube.com\/embed\/gZaawSNcKx0\" width=\"560\" height=\"315\" frameborder=\"0\" allowfullscreen=\"allowfullscreen\"><\/iframe><\/p>\n","protected":false},"excerpt":{"rendered":"<p>Vid\u00e9o 1 : Comment la socialisation de l&rsquo;enfant s&rsquo;effectue-t-elle ? Vid\u00e9o 2 : De la socialisation de l&rsquo;enfant \u00e0 la socialisation de l&rsquo;adulte : continuit\u00e9 ou ruptures ?<\/p>\n","protected":false},"author":1,"featured_media":0,"parent":0,"menu_order":0,"comment_status":"closed","ping_status":"closed","template":"","meta":{"footnotes":""},"_links":{"self":[{"href":"http:\/\/ses-lfz.ch\/sesnet\/wp-json\/wp\/v2\/pages\/1300"}],"collection":[{"href":"http:\/\/ses-lfz.ch\/sesnet\/wp-json\/wp\/v2\/pages"}],"about":[{"href":"http:\/\/ses-lfz.ch\/sesnet\/wp-json\/wp\/v2\/types\/page"}],"author":[{"embeddable":true,"href":"http:\/\/ses-lfz.ch\/sesnet\/wp-json\/wp\/v2\/users\/1"}],"replies":[{"embeddable":true,"href":"http:\/\/ses-lfz.ch\/sesnet\/wp-json\/wp\/v2\/comments?post=1300"}],"version-history":[{"count":6,"href":"http:\/\/ses-lfz.ch\/sesnet\/wp-json\/wp\/v2\/pages\/1300\/revisions"}],"predecessor-version":[{"id":1308,"href":"http:\/\/ses-lfz.ch\/sesnet\/wp-json\/wp\/v2\/pages\/1300\/revisions\/1308"}],"wp:attachment":[{"href":"http:\/\/ses-lfz.ch\/sesnet\/wp-json\/wp\/v2\/media?parent=1300"}],"curies":[{"name":"wp","href":"https:\/\/api.w.org\/{rel}","templated":true}]}}