{"id":1353,"date":"2019-02-04T17:19:23","date_gmt":"2019-02-04T16:19:23","guid":{"rendered":"http:\/\/ses-lfz.ch\/sesnet\/?page_id=1353"},"modified":"2019-02-04T17:37:15","modified_gmt":"2019-02-04T16:37:15","slug":"ressources-videos-chapitres-8-groupes-et-reseaux-sociaux","status":"publish","type":"page","link":"http:\/\/ses-lfz.ch\/sesnet\/premiere-es\/chapitre-8-groupes-et-reseaux-sociaux\/ressources-videos-chapitres-8-groupes-et-reseaux-sociaux\/","title":{"rendered":"Ressources vid\u00e9os &#8211;  Chapitres 8 Groupes et r\u00e9seaux sociaux"},"content":{"rendered":"<p><strong>Vid\u00e9o 1 : Qu&rsquo;est-ce qu&rsquo;un groupe social<\/strong><\/p>\n<p><iframe loading=\"lazy\" src=\"https:\/\/www.youtube.com\/embed\/6PJ65pClAWg\" width=\"560\" height=\"315\" frameborder=\"0\" allowfullscreen=\"allowfullscreen\"><\/iframe><\/p>\n<p><strong>Vid\u00e9o 2 : Comment les r\u00e9seaux sociaux fonctionnent-ils ?<\/strong><\/p>\n<p><iframe loading=\"lazy\" src=\"https:\/\/www.youtube.com\/embed\/1mhXiqnHu14\" width=\"560\" height=\"315\" frameborder=\"0\" allowfullscreen=\"allowfullscreen\"><\/iframe><\/p>\n","protected":false},"excerpt":{"rendered":"<p>Vid\u00e9o 1 : Qu&rsquo;est-ce qu&rsquo;un groupe social Vid\u00e9o 2 : Comment les r\u00e9seaux sociaux fonctionnent-ils ?<\/p>\n","protected":false},"author":1,"featured_media":0,"parent":111,"menu_order":0,"comment_status":"closed","ping_status":"closed","template":"","meta":{"footnotes":""},"_links":{"self":[{"href":"http:\/\/ses-lfz.ch\/sesnet\/wp-json\/wp\/v2\/pages\/1353"}],"collection":[{"href":"http:\/\/ses-lfz.ch\/sesnet\/wp-json\/wp\/v2\/pages"}],"about":[{"href":"http:\/\/ses-lfz.ch\/sesnet\/wp-json\/wp\/v2\/types\/page"}],"author":[{"embeddable":true,"href":"http:\/\/ses-lfz.ch\/sesnet\/wp-json\/wp\/v2\/users\/1"}],"replies":[{"embeddable":true,"href":"http:\/\/ses-lfz.ch\/sesnet\/wp-json\/wp\/v2\/comments?post=1353"}],"version-history":[{"count":5,"href":"http:\/\/ses-lfz.ch\/sesnet\/wp-json\/wp\/v2\/pages\/1353\/revisions"}],"predecessor-version":[{"id":1359,"href":"http:\/\/ses-lfz.ch\/sesnet\/wp-json\/wp\/v2\/pages\/1353\/revisions\/1359"}],"up":[{"embeddable":true,"href":"http:\/\/ses-lfz.ch\/sesnet\/wp-json\/wp\/v2\/pages\/111"}],"wp:attachment":[{"href":"http:\/\/ses-lfz.ch\/sesnet\/wp-json\/wp\/v2\/media?parent=1353"}],"curies":[{"name":"wp","href":"https:\/\/api.w.org\/{rel}","templated":true}]}}