{"id":14,"date":"2017-07-18T16:45:24","date_gmt":"2017-07-18T14:45:24","guid":{"rendered":"http:\/\/ses-lfz.ch\/sesnet\/?page_id=14"},"modified":"2017-10-06T06:56:01","modified_gmt":"2017-10-06T04:56:01","slug":"emc-premiere","status":"publish","type":"page","link":"http:\/\/ses-lfz.ch\/sesnet\/emc\/emc-premiere\/","title":{"rendered":"EMC Premi\u00e8re"},"content":{"rendered":"<ul>\n<li><a href=\"http:\/\/ses-lfz.ch\/sesnet\/emc\/emc-premiere\/programme-emc-premiere\/\">Programme<\/a><\/li>\n<li><a href=\"http:\/\/ses-lfz.ch\/sesnet\/emc\/emc-premiere\/ressources-par-themes\/\">Ressources par th\u00e8me<\/a><\/li>\n<li>Travaux des \u00e9l\u00e8ves<\/li>\n<\/ul>\n","protected":false},"excerpt":{"rendered":"<p>Programme Ressources par th\u00e8me Travaux des \u00e9l\u00e8ves<\/p>\n","protected":false},"author":1,"featured_media":0,"parent":12,"menu_order":0,"comment_status":"closed","ping_status":"closed","template":"","meta":{"footnotes":""},"_links":{"self":[{"href":"http:\/\/ses-lfz.ch\/sesnet\/wp-json\/wp\/v2\/pages\/14"}],"collection":[{"href":"http:\/\/ses-lfz.ch\/sesnet\/wp-json\/wp\/v2\/pages"}],"about":[{"href":"http:\/\/ses-lfz.ch\/sesnet\/wp-json\/wp\/v2\/types\/page"}],"author":[{"embeddable":true,"href":"http:\/\/ses-lfz.ch\/sesnet\/wp-json\/wp\/v2\/users\/1"}],"replies":[{"embeddable":true,"href":"http:\/\/ses-lfz.ch\/sesnet\/wp-json\/wp\/v2\/comments?post=14"}],"version-history":[{"count":7,"href":"http:\/\/ses-lfz.ch\/sesnet\/wp-json\/wp\/v2\/pages\/14\/revisions"}],"predecessor-version":[{"id":525,"href":"http:\/\/ses-lfz.ch\/sesnet\/wp-json\/wp\/v2\/pages\/14\/revisions\/525"}],"up":[{"embeddable":true,"href":"http:\/\/ses-lfz.ch\/sesnet\/wp-json\/wp\/v2\/pages\/12"}],"wp:attachment":[{"href":"http:\/\/ses-lfz.ch\/sesnet\/wp-json\/wp\/v2\/media?parent=14"}],"curies":[{"name":"wp","href":"https:\/\/api.w.org\/{rel}","templated":true}]}}