{"id":142,"date":"2017-07-19T15:25:31","date_gmt":"2017-07-19T13:25:31","guid":{"rendered":"http:\/\/ses-lfz.ch\/sesnet\/?page_id=142"},"modified":"2018-03-03T17:46:48","modified_gmt":"2018-03-03T16:46:48","slug":"chapitre-4-les-differentes-dimensions-de-laction-politique","status":"publish","type":"page","link":"http:\/\/ses-lfz.ch\/sesnet\/seconde-2-ses\/chapitre-4-les-differentes-dimensions-de-laction-politique\/","title":{"rendered":"Chapitre 4 : L&rsquo;influence de la culture politique sur les attitudes politiques"},"content":{"rendered":"<h4><\/h4>\n<h4>Ce que dit le programme<\/h4>\n<p><strong>Th\u00e8mes et questionnements : <\/strong>Culture politique, socialisation politique, comportements politiques.<strong><br \/>\n<\/strong><\/p>\n<p><strong>Notions : <\/strong>Culture politique, socialisation politique, comportements politiques.<strong><br \/>\n<\/strong><\/p>\n<p><strong>Indications compl\u00e9mentaires :<\/strong> On montrera que les attitudes politiques refl\u00e8tent souvent<br \/>\ndes cultures politiques particuli\u00e8res mais aussi des modes de socialisation (primaire comme secondaire) sp\u00e9cifiques. La question de l&rsquo;identification partisane et celle du clivage gauche\/droite fourniront des illustrations simples de ces processus de formation des dispositions politiques.<strong><br \/>\n<\/strong><\/p>\n<p><strong>Acquis de premi\u00e8re : <\/strong>socialisation primaire, socialisation secondaire.<\/p>\n<h4><\/h4>\n<h4><strong>Ressources vid\u00e9os :<br \/>\n<\/strong><\/h4>\n<p>Vid\u00e9o 1 : La socialisation politique<\/p>\n<p><iframe loading=\"lazy\" src=\"https:\/\/www.youtube.com\/embed\/l3E-Ub4TcvQ\" width=\"560\" height=\"315\" frameborder=\"0\" allowfullscreen=\"allowfullscreen\"><\/iframe><\/p>\n<p>Vid\u00e9o 2 :\u00a0 La diversit\u00e9 des cultures politiques<\/p>\n<p><iframe loading=\"lazy\" src=\"https:\/\/www.youtube.com\/embed\/w3IMLPfc6G0\" width=\"560\" height=\"315\" frameborder=\"0\" allowfullscreen=\"allowfullscreen\"><\/iframe><\/p>\n<p>Vid\u00e9o 3 : Comment la culture politique influence t elle les attitudes politiques<\/p>\n<p><iframe loading=\"lazy\" src=\"https:\/\/www.youtube.com\/embed\/yUOx2wG_XLY\" width=\"560\" height=\"315\" frameborder=\"0\" allowfullscreen=\"allowfullscreen\"><\/iframe><br \/>\n&nbsp;<\/p>\n","protected":false},"excerpt":{"rendered":"<p>Ce que dit le programme Th\u00e8mes et questionnements : Culture politique, socialisation politique, comportements politiques. Notions : Culture politique, socialisation politique, comportements politiques. Indications compl\u00e9mentaires : On montrera que les attitudes politiques refl\u00e8tent souvent des cultures politiques particuli\u00e8res mais aussi des modes de socialisation (primaire comme secondaire) sp\u00e9cifiques. La question de l&rsquo;identification partisane et celle [&hellip;]<\/p>\n","protected":false},"author":1,"featured_media":0,"parent":11,"menu_order":0,"comment_status":"closed","ping_status":"closed","template":"","meta":{"footnotes":""},"_links":{"self":[{"href":"http:\/\/ses-lfz.ch\/sesnet\/wp-json\/wp\/v2\/pages\/142"}],"collection":[{"href":"http:\/\/ses-lfz.ch\/sesnet\/wp-json\/wp\/v2\/pages"}],"about":[{"href":"http:\/\/ses-lfz.ch\/sesnet\/wp-json\/wp\/v2\/types\/page"}],"author":[{"embeddable":true,"href":"http:\/\/ses-lfz.ch\/sesnet\/wp-json\/wp\/v2\/users\/1"}],"replies":[{"embeddable":true,"href":"http:\/\/ses-lfz.ch\/sesnet\/wp-json\/wp\/v2\/comments?post=142"}],"version-history":[{"count":16,"href":"http:\/\/ses-lfz.ch\/sesnet\/wp-json\/wp\/v2\/pages\/142\/revisions"}],"predecessor-version":[{"id":1021,"href":"http:\/\/ses-lfz.ch\/sesnet\/wp-json\/wp\/v2\/pages\/142\/revisions\/1021"}],"up":[{"embeddable":true,"href":"http:\/\/ses-lfz.ch\/sesnet\/wp-json\/wp\/v2\/pages\/11"}],"wp:attachment":[{"href":"http:\/\/ses-lfz.ch\/sesnet\/wp-json\/wp\/v2\/media?parent=142"}],"curies":[{"name":"wp","href":"https:\/\/api.w.org\/{rel}","templated":true}]}}