{"id":146,"date":"2017-07-19T15:27:58","date_gmt":"2017-07-19T13:27:58","guid":{"rendered":"http:\/\/ses-lfz.ch\/sesnet\/?page_id=146"},"modified":"2018-04-22T09:28:18","modified_gmt":"2018-04-22T07:28:18","slug":"chapitre-6-le-comportement-electoral","status":"publish","type":"page","link":"http:\/\/ses-lfz.ch\/sesnet\/seconde-2-ses\/chapitre-6-le-comportement-electoral\/","title":{"rendered":"Chapitre 6 : Le comportement \u00e9lectoral"},"content":{"rendered":"<h4><strong>Ce que dit le programme :<\/strong><\/h4>\n<p><strong>Th\u00e8mes et questionnements : <\/strong>Comment expliquer le comportement \u00e9lectoral ?<strong><br \/>\n<\/strong><\/p>\n<p><strong>Notions : <\/strong>Participation et abstention \u00e9lectorale, variables lourdes du comportement \u00e9lectoral, vote sur enjeu.<strong><br \/>\n<\/strong><\/p>\n<p><strong>Indications compl\u00e9mentaires : <\/strong>On analysera l&rsquo;\u00e9volution des taux d&rsquo;inscription sur les listes \u00e9lectorales, des taux de participation et\/ou d&rsquo;abstention et leurs d\u00e9terminants sociaux et politiques. Les principaux r\u00e9sultats de la sociologie de l&rsquo;orientation \u00e9lectorale seront pr\u00e9sent\u00e9s (poids de la variable religieuse, vote de classe, etc.). L&rsquo;\u00e9vocation de l&rsquo;\u00e9mergence d&rsquo;un vote sur enjeu, influenc\u00e9 par les conjonctures politiques (campagnes \u00e9lectorales notamment), permettra de prendre la mesure de la volatilit\u00e9 \u00e9lectorale. La question de l&rsquo;articulation entre m\u00e9dias, communication et vie politique sera \u00e9galement<br \/>\nabord\u00e9e afin de comprendre son \u00e9ventuel impact sur les attitudes politiques (pratiques et opinions).<\/p>\n<h4><strong>Ressources vid\u00e9os :<\/strong><\/h4>\n<p><iframe loading=\"lazy\" src=\"https:\/\/www.youtube.com\/embed\/hJ4UaJrxGRQ\" width=\"560\" height=\"315\" frameborder=\"0\" allowfullscreen=\"allowfullscreen\"><\/iframe><\/p>\n<p><iframe loading=\"lazy\" src=\"https:\/\/www.youtube.com\/embed\/jGFjqq7wpQM\" width=\"560\" height=\"315\" frameborder=\"0\" allowfullscreen=\"allowfullscreen\"><\/iframe><\/p>\n<p><iframe loading=\"lazy\" src=\"https:\/\/www.youtube.com\/embed\/q8oTMFRu1Uo\" width=\"560\" height=\"315\" frameborder=\"0\" allowfullscreen=\"allowfullscreen\"><\/iframe><\/p>\n","protected":false},"excerpt":{"rendered":"<p>Ce que dit le programme : Th\u00e8mes et questionnements : Comment expliquer le comportement \u00e9lectoral ? Notions : Participation et abstention \u00e9lectorale, variables lourdes du comportement \u00e9lectoral, vote sur enjeu. Indications compl\u00e9mentaires : On analysera l&rsquo;\u00e9volution des taux d&rsquo;inscription sur les listes \u00e9lectorales, des taux de participation et\/ou d&rsquo;abstention et leurs d\u00e9terminants sociaux et politiques. [&hellip;]<\/p>\n","protected":false},"author":1,"featured_media":0,"parent":11,"menu_order":0,"comment_status":"closed","ping_status":"closed","template":"","meta":{"footnotes":""},"_links":{"self":[{"href":"http:\/\/ses-lfz.ch\/sesnet\/wp-json\/wp\/v2\/pages\/146"}],"collection":[{"href":"http:\/\/ses-lfz.ch\/sesnet\/wp-json\/wp\/v2\/pages"}],"about":[{"href":"http:\/\/ses-lfz.ch\/sesnet\/wp-json\/wp\/v2\/types\/page"}],"author":[{"embeddable":true,"href":"http:\/\/ses-lfz.ch\/sesnet\/wp-json\/wp\/v2\/users\/1"}],"replies":[{"embeddable":true,"href":"http:\/\/ses-lfz.ch\/sesnet\/wp-json\/wp\/v2\/comments?post=146"}],"version-history":[{"count":6,"href":"http:\/\/ses-lfz.ch\/sesnet\/wp-json\/wp\/v2\/pages\/146\/revisions"}],"predecessor-version":[{"id":1103,"href":"http:\/\/ses-lfz.ch\/sesnet\/wp-json\/wp\/v2\/pages\/146\/revisions\/1103"}],"up":[{"embeddable":true,"href":"http:\/\/ses-lfz.ch\/sesnet\/wp-json\/wp\/v2\/pages\/11"}],"wp:attachment":[{"href":"http:\/\/ses-lfz.ch\/sesnet\/wp-json\/wp\/v2\/media?parent=146"}],"curies":[{"name":"wp","href":"https:\/\/api.w.org\/{rel}","templated":true}]}}