{"id":15,"date":"2017-07-18T16:45:24","date_gmt":"2017-07-18T14:45:24","guid":{"rendered":"http:\/\/ses-lfz.ch\/sesnet\/?page_id=15"},"modified":"2017-09-19T10:34:02","modified_gmt":"2017-09-19T08:34:02","slug":"emc-seconde","status":"publish","type":"page","link":"http:\/\/ses-lfz.ch\/sesnet\/emc\/emc-seconde\/","title":{"rendered":"EMC Seconde"},"content":{"rendered":"<ul>\n<li><a href=\"http:\/\/ses-lfz.ch\/sesnet\/emc\/emc-seconde\/programme-emc-seconde\/\">Programme<\/a><\/li>\n<li><a href=\"http:\/\/ses-lfz.ch\/sesnet\/emc\/emc-seconde\/ressources-par-theme\/\">Ressources par th\u00e8me<\/a><\/li>\n<li>Travaux d&rsquo;\u00e9l\u00e8ves<\/li>\n<\/ul>\n","protected":false},"excerpt":{"rendered":"<p>Programme Ressources par th\u00e8me Travaux d&rsquo;\u00e9l\u00e8ves<\/p>\n","protected":false},"author":1,"featured_media":0,"parent":12,"menu_order":0,"comment_status":"closed","ping_status":"closed","template":"","meta":{"footnotes":""},"_links":{"self":[{"href":"http:\/\/ses-lfz.ch\/sesnet\/wp-json\/wp\/v2\/pages\/15"}],"collection":[{"href":"http:\/\/ses-lfz.ch\/sesnet\/wp-json\/wp\/v2\/pages"}],"about":[{"href":"http:\/\/ses-lfz.ch\/sesnet\/wp-json\/wp\/v2\/types\/page"}],"author":[{"embeddable":true,"href":"http:\/\/ses-lfz.ch\/sesnet\/wp-json\/wp\/v2\/users\/1"}],"replies":[{"embeddable":true,"href":"http:\/\/ses-lfz.ch\/sesnet\/wp-json\/wp\/v2\/comments?post=15"}],"version-history":[{"count":9,"href":"http:\/\/ses-lfz.ch\/sesnet\/wp-json\/wp\/v2\/pages\/15\/revisions"}],"predecessor-version":[{"id":418,"href":"http:\/\/ses-lfz.ch\/sesnet\/wp-json\/wp\/v2\/pages\/15\/revisions\/418"}],"up":[{"embeddable":true,"href":"http:\/\/ses-lfz.ch\/sesnet\/wp-json\/wp\/v2\/pages\/12"}],"wp:attachment":[{"href":"http:\/\/ses-lfz.ch\/sesnet\/wp-json\/wp\/v2\/media?parent=15"}],"curies":[{"name":"wp","href":"https:\/\/api.w.org\/{rel}","templated":true}]}}