{"id":305,"date":"2017-09-11T21:39:19","date_gmt":"2017-09-11T19:39:19","guid":{"rendered":"http:\/\/ses-lfz.ch\/sesnet\/?page_id=305"},"modified":"2017-09-11T22:12:27","modified_gmt":"2017-09-11T20:12:27","slug":"ce-que-dit-le-programme","status":"publish","type":"page","link":"http:\/\/ses-lfz.ch\/sesnet\/premiere-es\/chapitre-5-la-monnaie-et-le-financement-de-leconomie\/ce-que-dit-le-programme\/","title":{"rendered":"Ce que dit le programme"},"content":{"rendered":"<p><strong>I\u00a0: \u00c0 quoi sert\u00a0 la monnaie ?<\/strong><\/p>\n<p><em><u>Notions\u00a0:<\/u><\/em> Fonctions de la monnaie, formes de la monnaie<\/p>\n<p><em><u>Indications compl\u00e9mentaires\u00a0: <\/u><\/em>Par contraste avec des situations d&rsquo;\u00e9change non mon\u00e9tis\u00e9, on mettra en \u00e9vidence les avantages de la monnaie et les fonctions qu&rsquo;elle remplit. On \u00e9voquera les formes qu&rsquo;elle rev\u00eat et on expliquera (en prenant comme exemple le paiement par carte bancaire) comment fonctionnent les syst\u00e8mes de paiement d\u00e9mat\u00e9rialis\u00e9s dans les \u00e9conomies contemporaines.<\/p>\n<p>&nbsp;<\/p>\n<p><strong>II\u00a0: Comment l&rsquo;activit\u00e9 \u00e9conomique est-elle financ\u00e9e ?<\/strong><\/p>\n<p><em><u>Notions\u00a0:<\/u><\/em> Autofinancement, financement direct\/indirect, taux d&rsquo;int\u00e9r\u00eat, risque de cr\u00e9dit<\/p>\n<p><em><u>Indications compl\u00e9mentaires\u00a0: <\/u><\/em>Les choix de financement des agents \u00e9conomiques seront pr\u00e9sent\u00e9s de mani\u00e8re \u00e9l\u00e9mentaire. On montrera que le taux d&rsquo;int\u00e9r\u00eat est \u00e0 la fois la r\u00e9mun\u00e9ration du pr\u00eateur et le co\u00fbt du cr\u00e9dit pour l&#8217;emprunteur et qu&rsquo;il varie en fonction du risque associ\u00e9 au cr\u00e9dit. On pourra illustrer ce m\u00e9canisme \u00e0 partir de l&rsquo;exemple des crises des dettes publiques. On distinguera le financement interm\u00e9di\u00e9 et le financement direct. Dans la proc\u00e9dure de financement par appel au march\u00e9, on pr\u00e9sentera les grandes cat\u00e9gories de titres \u00e9mis et \u00e9chang\u00e9s (actions, obligations) ainsi que leur mode de r\u00e9mun\u00e9ration (dividende, int\u00e9r\u00eat).<\/p>\n<p>&nbsp;<\/p>\n<p><strong>III\u00a0: Qui cr\u00e9e la monnaie ?<\/strong><\/p>\n<p><em><u>Notions\u00a0:<\/u><\/em> Masse mon\u00e9taire, march\u00e9 mon\u00e9taire, banque centrale, pr\u00eateur en dernier ressort<\/p>\n<p><em><u>Indications compl\u00e9mentaires\u00a0: <\/u><\/em>On pr\u00e9sentera, \u00e0 l&rsquo;aide d&rsquo;exemples simples, le processus de cr\u00e9ation mon\u00e9taire par les banques commerciales (\u00ab les cr\u00e9dits font les d\u00e9p\u00f4ts \u00bb). On montrera le r\u00f4le central du march\u00e9 mon\u00e9taire. On pourra citer les autres sources de la cr\u00e9ation mon\u00e9taire (cr\u00e9ances sur le Tr\u00e9sor et devises). Pour ce faire, on d\u00e9finira la banque centrale comme la \u00ab banque des banques \u00bb et on montrera l&rsquo;importance de son r\u00f4le pour assurer la liquidit\u00e9 (notamment lors des crises de confiance) et pr\u00e9server le pouvoir d&rsquo;achat de la monnaie.<\/p>\n","protected":false},"excerpt":{"rendered":"<p>I\u00a0: \u00c0 quoi sert\u00a0 la monnaie ? Notions\u00a0: Fonctions de la monnaie, formes de la monnaie Indications compl\u00e9mentaires\u00a0: Par contraste avec des situations d&rsquo;\u00e9change non mon\u00e9tis\u00e9, on mettra en \u00e9vidence les avantages de la monnaie et les fonctions qu&rsquo;elle remplit. On \u00e9voquera les formes qu&rsquo;elle rev\u00eat et on expliquera (en prenant comme exemple le paiement [&hellip;]<\/p>\n","protected":false},"author":1,"featured_media":0,"parent":105,"menu_order":0,"comment_status":"closed","ping_status":"closed","template":"","meta":{"footnotes":""},"_links":{"self":[{"href":"http:\/\/ses-lfz.ch\/sesnet\/wp-json\/wp\/v2\/pages\/305"}],"collection":[{"href":"http:\/\/ses-lfz.ch\/sesnet\/wp-json\/wp\/v2\/pages"}],"about":[{"href":"http:\/\/ses-lfz.ch\/sesnet\/wp-json\/wp\/v2\/types\/page"}],"author":[{"embeddable":true,"href":"http:\/\/ses-lfz.ch\/sesnet\/wp-json\/wp\/v2\/users\/1"}],"replies":[{"embeddable":true,"href":"http:\/\/ses-lfz.ch\/sesnet\/wp-json\/wp\/v2\/comments?post=305"}],"version-history":[{"count":2,"href":"http:\/\/ses-lfz.ch\/sesnet\/wp-json\/wp\/v2\/pages\/305\/revisions"}],"predecessor-version":[{"id":331,"href":"http:\/\/ses-lfz.ch\/sesnet\/wp-json\/wp\/v2\/pages\/305\/revisions\/331"}],"up":[{"embeddable":true,"href":"http:\/\/ses-lfz.ch\/sesnet\/wp-json\/wp\/v2\/pages\/105"}],"wp:attachment":[{"href":"http:\/\/ses-lfz.ch\/sesnet\/wp-json\/wp\/v2\/media?parent=305"}],"curies":[{"name":"wp","href":"https:\/\/api.w.org\/{rel}","templated":true}]}}