{"id":407,"date":"2017-09-18T00:29:55","date_gmt":"2017-09-17T22:29:55","guid":{"rendered":"http:\/\/ses-lfz.ch\/sesnet\/?page_id=407"},"modified":"2018-10-17T14:30:16","modified_gmt":"2018-10-17T12:30:16","slug":"ressources-par-theme","status":"publish","type":"page","link":"http:\/\/ses-lfz.ch\/sesnet\/emc\/emc-premiere\/ressources-par-themes\/ressources-par-theme\/","title":{"rendered":"L&rsquo;identit\u00e9 num\u00e9rique"},"content":{"rendered":"<p>L&rsquo;identit\u00e9 num\u00e9rique<\/p>\n<p><a href=\"https:\/\/ecolebranchee.com\/2012\/11\/23\/quest-ce-que-lidentite-numerique\/\">Qu&rsquo;est-ce que l&rsquo;identit\u00e9 num\u00e9rique ?<\/a><\/p>\n<p><a href=\"http:\/\/ses-lfz.ch\/sesnet\/wp-content\/uploads\/2017\/09\/lidentit\u00e9-num\u00e9rique-un-levier-ou-un-fardeau.pdf\">L&rsquo;identit\u00e9 num\u00e9rique : un levier ou un fardeau ?<\/a><\/p>\n<p><a href=\"http:\/\/ses-lfz.ch\/sesnet\/wp-content\/uploads\/2017\/09\/recherche_dinformation_sur_des_personnes.pdf\">La recherche d&rsquo;information sur des personnes sur internet<\/a><\/p>\n<p>Dossier RTS<\/p>\n<p><a href=\"http:\/\/ses-lfz.ch\/sesnet\/emc\/emc-premiere\/ressources-par-themes\/ressources-par-theme\/comment-le-big-data-faconne-nos-vies\/\">Comment le Big Data fa\u00e7onne nos vies <\/a><\/p>\n<p><a href=\"http:\/\/ses-lfz.ch\/sesnet\/les-bons-reflexes-pour-proteger-ses-donnees-personnelles-sur-internet\/\">Comment prot\u00e9ger ses donn\u00e9es sur internet<\/a><\/p>\n<p>Pour aller plus loin<\/p>\n<p><a href=\"http:\/\/ses-lfz.ch\/sesnet\/emc\/emc-premiere\/ressources-par-themes\/ressources-par-theme\/rien-a-cacher-nothing-to-hide\/\">Rien \u00e0 cacher &#8211; Nothing to hide<\/a><\/p>\n<p><a href=\"http:\/\/ses-lfz.ch\/sesnet\/emc\/emc-premiere\/ressources-par-themes\/ressources-par-theme\/le-rire-jaune-proteger-sa-vie-privee-en-6-etapes\/\">Le rire jaune : prot\u00e9ger sa vie priv\u00e9e en 6 \u00e9tapes<\/a><\/p>\n<p>Infrarouge, 28.03.2018,Facebook, le grand r\u00e9veil ?<br \/>\nDes dizaines de millions de donn\u00e9es personnelles ont \u00e9t\u00e9 vol\u00e9es sur Facebook pour faire gagner Donald Trump ou pour influencer le vote sur le Brexit. Le scandale est plan\u00e9taire et la patron de facebook Mark Zuckerberg a d\u00fb pr\u00e9senter ses excuses. Sommes-nous beaucoup trop naifs dans l&rsquo;utilisation ue nous faisons de facbook, google ou de notre carte cumulus ? Et comment reprendre la main pour \u00e9viter que le monde ne se transforme en cauchemar ? Allons-nous enfin nous r\u00e9veiller ?<br \/>\n<iframe src='\/\/tp.srgssr.ch\/p\/srf\/embed?urn=urn:rts:video:9447836&#038;start=' allowfullscreen width='624' height='351' frameborder='0' name='Facebook, le grand r\u00e9veil ?'><\/iframe><br \/>\n&nbsp;<br \/>\nFacebook, l&rsquo;envers du r\u00e9seau (scandale Cambridge Analytica) &#8211; Envoy\u00e9 sp\u00e9cial du 12\/04\/2018<br \/>\n<iframe loading=\"lazy\" width=\"560\" height=\"315\" src=\"https:\/\/www.youtube.com\/embed\/9kpKDaF3IFw\" frameborder=\"0\" allow=\"autoplay; encrypted-media\" allowfullscreen><\/iframe><\/p>\n<p>&nbsp;<\/p>\n","protected":false},"excerpt":{"rendered":"<p>L&rsquo;identit\u00e9 num\u00e9rique Qu&rsquo;est-ce que l&rsquo;identit\u00e9 num\u00e9rique ? L&rsquo;identit\u00e9 num\u00e9rique : un levier ou un fardeau ? La recherche d&rsquo;information sur des personnes sur internet Dossier RTS Comment le Big Data fa\u00e7onne nos vies Comment prot\u00e9ger ses donn\u00e9es sur internet Pour aller plus loin Rien \u00e0 cacher &#8211; Nothing to hide Le rire jaune : prot\u00e9ger [&hellip;]<\/p>\n","protected":false},"author":1,"featured_media":0,"parent":519,"menu_order":0,"comment_status":"closed","ping_status":"closed","template":"","meta":{"footnotes":""},"_links":{"self":[{"href":"http:\/\/ses-lfz.ch\/sesnet\/wp-json\/wp\/v2\/pages\/407"}],"collection":[{"href":"http:\/\/ses-lfz.ch\/sesnet\/wp-json\/wp\/v2\/pages"}],"about":[{"href":"http:\/\/ses-lfz.ch\/sesnet\/wp-json\/wp\/v2\/types\/page"}],"author":[{"embeddable":true,"href":"http:\/\/ses-lfz.ch\/sesnet\/wp-json\/wp\/v2\/users\/1"}],"replies":[{"embeddable":true,"href":"http:\/\/ses-lfz.ch\/sesnet\/wp-json\/wp\/v2\/comments?post=407"}],"version-history":[{"count":24,"href":"http:\/\/ses-lfz.ch\/sesnet\/wp-json\/wp\/v2\/pages\/407\/revisions"}],"predecessor-version":[{"id":1262,"href":"http:\/\/ses-lfz.ch\/sesnet\/wp-json\/wp\/v2\/pages\/407\/revisions\/1262"}],"up":[{"embeddable":true,"href":"http:\/\/ses-lfz.ch\/sesnet\/wp-json\/wp\/v2\/pages\/519"}],"wp:attachment":[{"href":"http:\/\/ses-lfz.ch\/sesnet\/wp-json\/wp\/v2\/media?parent=407"}],"curies":[{"name":"wp","href":"https:\/\/api.w.org\/{rel}","templated":true}]}}