{"id":519,"date":"2017-10-06T00:09:05","date_gmt":"2017-10-05T22:09:05","guid":{"rendered":"http:\/\/ses-lfz.ch\/sesnet\/?page_id=519"},"modified":"2018-06-11T07:25:26","modified_gmt":"2018-06-11T05:25:26","slug":"ressources-par-themes","status":"publish","type":"page","link":"http:\/\/ses-lfz.ch\/sesnet\/emc\/emc-premiere\/ressources-par-themes\/","title":{"rendered":"Ressources par th\u00e8me"},"content":{"rendered":"<p>&nbsp;<\/p>\n<p><a href=\"http:\/\/ses-lfz.ch\/sesnet\/emc\/emc-premiere\/ressources-par-themes\/ressources-par-theme\/\">L&rsquo;identit\u00e9 num\u00e9rique<\/a><\/p>\n<p><a href=\"http:\/\/ses-lfz.ch\/sesnet\/?page_id=528&amp;preview=true\">L&rsquo;id\u00e9e de citoyennet\u00e9 europ\u00e9enne<\/a><\/p>\n<p><a href=\"http:\/\/ses-lfz.ch\/sesnet\/payer-limpot\/\">Payer l\u2019imp\u00f4t<\/a><\/p>\n<p><a href=\"http:\/\/ses-lfz.ch\/sesnet\/emc\/emc-premiere\/ressources-par-themes\/la-defense-nationale\/\">La d\u00e9fense nationale<\/a><\/p>\n<p><a href=\"http:\/\/ses-lfz.ch\/sesnet\/lengagement-politique\/\">L&rsquo;engagement politique<\/a><\/p>\n<p><a href=\"http:\/\/ses-lfz.ch\/sesnet\/emc\/emc-premiere\/ressources-par-themes\/liberte-dinformer-secret-des-affaires-et-fake-news\/\">Libert\u00e9 d&rsquo;informer, secret des affaires et \u00ab\u00a0fake news\u00a0\u00bb<\/a><\/p>\n<p>&nbsp;<\/p>\n","protected":false},"excerpt":{"rendered":"<p>&nbsp; L&rsquo;identit\u00e9 num\u00e9rique L&rsquo;id\u00e9e de citoyennet\u00e9 europ\u00e9enne Payer l\u2019imp\u00f4t La d\u00e9fense nationale L&rsquo;engagement politique Libert\u00e9 d&rsquo;informer, secret des affaires et \u00ab\u00a0fake news\u00a0\u00bb &nbsp;<\/p>\n","protected":false},"author":1,"featured_media":0,"parent":14,"menu_order":0,"comment_status":"closed","ping_status":"closed","template":"","meta":{"footnotes":""},"_links":{"self":[{"href":"http:\/\/ses-lfz.ch\/sesnet\/wp-json\/wp\/v2\/pages\/519"}],"collection":[{"href":"http:\/\/ses-lfz.ch\/sesnet\/wp-json\/wp\/v2\/pages"}],"about":[{"href":"http:\/\/ses-lfz.ch\/sesnet\/wp-json\/wp\/v2\/types\/page"}],"author":[{"embeddable":true,"href":"http:\/\/ses-lfz.ch\/sesnet\/wp-json\/wp\/v2\/users\/1"}],"replies":[{"embeddable":true,"href":"http:\/\/ses-lfz.ch\/sesnet\/wp-json\/wp\/v2\/comments?post=519"}],"version-history":[{"count":11,"href":"http:\/\/ses-lfz.ch\/sesnet\/wp-json\/wp\/v2\/pages\/519\/revisions"}],"predecessor-version":[{"id":1226,"href":"http:\/\/ses-lfz.ch\/sesnet\/wp-json\/wp\/v2\/pages\/519\/revisions\/1226"}],"up":[{"embeddable":true,"href":"http:\/\/ses-lfz.ch\/sesnet\/wp-json\/wp\/v2\/pages\/14"}],"wp:attachment":[{"href":"http:\/\/ses-lfz.ch\/sesnet\/wp-json\/wp\/v2\/media?parent=519"}],"curies":[{"name":"wp","href":"https:\/\/api.w.org\/{rel}","templated":true}]}}