{"id":572,"date":"2017-10-09T00:38:27","date_gmt":"2017-10-08T22:38:27","guid":{"rendered":"http:\/\/ses-lfz.ch\/sesnet\/?page_id=572"},"modified":"2017-10-09T00:40:27","modified_gmt":"2017-10-08T22:40:27","slug":"rien-a-cacher-nothing-to-hide","status":"publish","type":"page","link":"http:\/\/ses-lfz.ch\/sesnet\/emc\/emc-premiere\/ressources-par-themes\/ressources-par-theme\/rien-a-cacher-nothing-to-hide\/","title":{"rendered":"Rien \u00e0 cacher &#8211; Nothing to hide"},"content":{"rendered":"<p>\u00ab\u00a0\u00cates-vous vraiment s\u00fbr de n&rsquo;avoir \u00ab\u00a0rien \u00e0 cacher\u00a0\u00bb? Que peuvent savoir Facebook ou Google de vous en seulement 30 jours? Votre orientation sexuelle? Vos heures de lever et de coucher? Votre consommation d&rsquo;alcool et vos infractions p\u00e9nales? Votre niveau de richesses et votre solvabilit\u00e9? Marc Meillassoux et Mihaela Gladovic ont fait l&rsquo;exp\u00e9rience en hackant l&rsquo;Iphone et l&rsquo;IMac d&rsquo;un jeune artiste n&rsquo;ayant \u00ab rien \u00e0 cacher \u00bb pendant un mois. Un hacker et une analyste ont pour mission de deviner qui est ce jeune homme et s&rsquo;il n&rsquo;a v\u00e9ritablement \u00ab\u00a0rien \u00e0 cacher\u00a0\u00bb. Celui-ci est loin de se douter o\u00f9 l\u2019exp\u00e9rience va le mener&#8230;\u00a0\u00bb<\/p>\n<p>&nbsp;<\/p>\n<p><iframe loading=\"lazy\" src=\"https:\/\/player.vimeo.com\/video\/193515863\" width=\"640\" height=\"360\" frameborder=\"0\" allowfullscreen=\"allowfullscreen\"><\/iframe><\/p>\n","protected":false},"excerpt":{"rendered":"<p>\u00ab\u00a0\u00cates-vous vraiment s\u00fbr de n&rsquo;avoir \u00ab\u00a0rien \u00e0 cacher\u00a0\u00bb? Que peuvent savoir Facebook ou Google de vous en seulement 30 jours? Votre orientation sexuelle? Vos heures de lever et de coucher? Votre consommation d&rsquo;alcool et vos infractions p\u00e9nales? Votre niveau de richesses et votre solvabilit\u00e9? Marc Meillassoux et Mihaela Gladovic ont fait l&rsquo;exp\u00e9rience en hackant l&rsquo;Iphone [&hellip;]<\/p>\n","protected":false},"author":1,"featured_media":0,"parent":407,"menu_order":0,"comment_status":"closed","ping_status":"closed","template":"","meta":{"footnotes":""},"_links":{"self":[{"href":"http:\/\/ses-lfz.ch\/sesnet\/wp-json\/wp\/v2\/pages\/572"}],"collection":[{"href":"http:\/\/ses-lfz.ch\/sesnet\/wp-json\/wp\/v2\/pages"}],"about":[{"href":"http:\/\/ses-lfz.ch\/sesnet\/wp-json\/wp\/v2\/types\/page"}],"author":[{"embeddable":true,"href":"http:\/\/ses-lfz.ch\/sesnet\/wp-json\/wp\/v2\/users\/1"}],"replies":[{"embeddable":true,"href":"http:\/\/ses-lfz.ch\/sesnet\/wp-json\/wp\/v2\/comments?post=572"}],"version-history":[{"count":1,"href":"http:\/\/ses-lfz.ch\/sesnet\/wp-json\/wp\/v2\/pages\/572\/revisions"}],"predecessor-version":[{"id":573,"href":"http:\/\/ses-lfz.ch\/sesnet\/wp-json\/wp\/v2\/pages\/572\/revisions\/573"}],"up":[{"embeddable":true,"href":"http:\/\/ses-lfz.ch\/sesnet\/wp-json\/wp\/v2\/pages\/407"}],"wp:attachment":[{"href":"http:\/\/ses-lfz.ch\/sesnet\/wp-json\/wp\/v2\/media?parent=572"}],"curies":[{"name":"wp","href":"https:\/\/api.w.org\/{rel}","templated":true}]}}