{"id":576,"date":"2017-10-09T00:41:40","date_gmt":"2017-10-08T22:41:40","guid":{"rendered":"http:\/\/ses-lfz.ch\/sesnet\/?page_id=576"},"modified":"2017-10-09T00:43:10","modified_gmt":"2017-10-08T22:43:10","slug":"le-rire-jaune-proteger-sa-vie-privee-en-6-etapes","status":"publish","type":"page","link":"http:\/\/ses-lfz.ch\/sesnet\/emc\/emc-premiere\/ressources-par-themes\/ressources-par-theme\/le-rire-jaune-proteger-sa-vie-privee-en-6-etapes\/","title":{"rendered":"Le rire jaune : prot\u00e9ger sa vie priv\u00e9e en 6 \u00e9tapes"},"content":{"rendered":"<p>Prot\u00e9ger sa vie priv\u00e9e en 6 \u00e9tapes<\/p>\n<p><iframe loading=\"lazy\" src=\"https:\/\/www.youtube.com\/embed\/U7xOBOnQ0G4\" width=\"560\" height=\"315\" frameborder=\"0\" allowfullscreen=\"allowfullscreen\"><\/iframe><\/p>\n<p>&nbsp;<\/p>\n","protected":false},"excerpt":{"rendered":"<p>Prot\u00e9ger sa vie priv\u00e9e en 6 \u00e9tapes &nbsp;<\/p>\n","protected":false},"author":1,"featured_media":0,"parent":407,"menu_order":0,"comment_status":"closed","ping_status":"closed","template":"","meta":{"footnotes":""},"_links":{"self":[{"href":"http:\/\/ses-lfz.ch\/sesnet\/wp-json\/wp\/v2\/pages\/576"}],"collection":[{"href":"http:\/\/ses-lfz.ch\/sesnet\/wp-json\/wp\/v2\/pages"}],"about":[{"href":"http:\/\/ses-lfz.ch\/sesnet\/wp-json\/wp\/v2\/types\/page"}],"author":[{"embeddable":true,"href":"http:\/\/ses-lfz.ch\/sesnet\/wp-json\/wp\/v2\/users\/1"}],"replies":[{"embeddable":true,"href":"http:\/\/ses-lfz.ch\/sesnet\/wp-json\/wp\/v2\/comments?post=576"}],"version-history":[{"count":2,"href":"http:\/\/ses-lfz.ch\/sesnet\/wp-json\/wp\/v2\/pages\/576\/revisions"}],"predecessor-version":[{"id":578,"href":"http:\/\/ses-lfz.ch\/sesnet\/wp-json\/wp\/v2\/pages\/576\/revisions\/578"}],"up":[{"embeddable":true,"href":"http:\/\/ses-lfz.ch\/sesnet\/wp-json\/wp\/v2\/pages\/407"}],"wp:attachment":[{"href":"http:\/\/ses-lfz.ch\/sesnet\/wp-json\/wp\/v2\/media?parent=576"}],"curies":[{"name":"wp","href":"https:\/\/api.w.org\/{rel}","templated":true}]}}