{"id":584,"date":"2017-10-13T08:26:40","date_gmt":"2017-10-13T06:26:40","guid":{"rendered":"http:\/\/ses-lfz.ch\/sesnet\/?page_id=584"},"modified":"2017-10-13T08:28:02","modified_gmt":"2017-10-13T06:28:02","slug":"payer-limpot","status":"publish","type":"page","link":"http:\/\/ses-lfz.ch\/sesnet\/payer-limpot\/","title":{"rendered":"Payer l&rsquo;imp\u00f4t"},"content":{"rendered":"<p>&nbsp;<\/p>\n<h4 class=\"tt2\"><strong>Favoriser les riches pour aider les pauvres ? La \u00ab\u00a0th\u00e9orie du ruissellement\u00a0\u00bb d\u00e9crypt\u00e9e<\/strong><\/h4>\n<p>Source : <a href=\"http:\/\/www.lemonde.fr\/economie\/video\/2017\/10\/13\/favoriser-les-riches-pour-aider-les-pauvres-la-theorie-du-ruissellement-decryptee_5200215_3234.html\">lemonde.fr<\/a><\/p>\n<p>Et si pour que les pauvres soient moins pauvres, l\u2019Etat faisait en sorte que les riches soient plus riches ? Cette id\u00e9e lib\u00e9rale un peu \u00e9tonnante porte un nom, la \u00ab\u00a0th\u00e9orie du ruissellement\u00a0\u00bb. Et l\u2019une des fa\u00e7ons de faire que l\u2019argent des riches ruisselle sur tout le monde, cela serait de r\u00e9duire les imp\u00f4ts.<\/p>\n<p>En France, la th\u00e9orie du ruissellement a refait parler d\u2019elle depuis que le gouvernement a annonc\u00e9 vouloir r\u00e9former l\u2019ISF : une baisse d\u2019imp\u00f4ts d\u2019environ 3\u00a0milliards et demi d\u2019euros, qui devrait b\u00e9n\u00e9ficier aux plus riches des riches. Selon le gouvernement, ce coup de pouce aux plus fortun\u00e9s profitera \u00e0 tous, en dynamisant l\u2019\u00e9conomie du pays.<\/p>\n<p>D\u2019o\u00f9 vient la th\u00e9orie du ruissellement \u00e9conomique<em> ?<\/em> Est-elle efficace ? Le p\u00f4le vid\u00e9o du <em>Monde<\/em> s\u2019est pench\u00e9 sur la question.<\/p>\n<p><iframe loading=\"lazy\" src=\"\/\/www.ultimedia.com\/deliver\/generic\/iframe\/mdtk\/01637594\/src\/v0zp5l\/zone\/1\/showtitle\/1\/\" width=\"644\" height=\"386\" frameborder=\"0\" marginwidth=\"0\" marginheight=\"0\" scrolling=\"no\" allowfullscreen=\"allowfullscreen\"><\/iframe><\/p>\n","protected":false},"excerpt":{"rendered":"<p>&nbsp; Favoriser les riches pour aider les pauvres ? La \u00ab\u00a0th\u00e9orie du ruissellement\u00a0\u00bb d\u00e9crypt\u00e9e Source : lemonde.fr Et si pour que les pauvres soient moins pauvres, l\u2019Etat faisait en sorte que les riches soient plus riches ? Cette id\u00e9e lib\u00e9rale un peu \u00e9tonnante porte un nom, la \u00ab\u00a0th\u00e9orie du ruissellement\u00a0\u00bb. Et l\u2019une des fa\u00e7ons de [&hellip;]<\/p>\n","protected":false},"author":1,"featured_media":0,"parent":0,"menu_order":0,"comment_status":"closed","ping_status":"closed","template":"","meta":{"footnotes":""},"_links":{"self":[{"href":"http:\/\/ses-lfz.ch\/sesnet\/wp-json\/wp\/v2\/pages\/584"}],"collection":[{"href":"http:\/\/ses-lfz.ch\/sesnet\/wp-json\/wp\/v2\/pages"}],"about":[{"href":"http:\/\/ses-lfz.ch\/sesnet\/wp-json\/wp\/v2\/types\/page"}],"author":[{"embeddable":true,"href":"http:\/\/ses-lfz.ch\/sesnet\/wp-json\/wp\/v2\/users\/1"}],"replies":[{"embeddable":true,"href":"http:\/\/ses-lfz.ch\/sesnet\/wp-json\/wp\/v2\/comments?post=584"}],"version-history":[{"count":3,"href":"http:\/\/ses-lfz.ch\/sesnet\/wp-json\/wp\/v2\/pages\/584\/revisions"}],"predecessor-version":[{"id":587,"href":"http:\/\/ses-lfz.ch\/sesnet\/wp-json\/wp\/v2\/pages\/584\/revisions\/587"}],"wp:attachment":[{"href":"http:\/\/ses-lfz.ch\/sesnet\/wp-json\/wp\/v2\/media?parent=584"}],"curies":[{"name":"wp","href":"https:\/\/api.w.org\/{rel}","templated":true}]}}