{"id":698,"date":"2017-11-20T23:18:44","date_gmt":"2017-11-20T22:18:44","guid":{"rendered":"http:\/\/ses-lfz.ch\/sesnet\/?page_id=698"},"modified":"2017-11-20T23:29:01","modified_gmt":"2017-11-20T22:29:01","slug":"ressources-diverses","status":"publish","type":"page","link":"http:\/\/ses-lfz.ch\/sesnet\/seconde-2-ses\/chapitre-2-la-competition-politique-en-democratie\/ressources-diverses\/","title":{"rendered":"ressources diverses"},"content":{"rendered":"<p class=\"title\"><a href=\"http:\/\/www.politiquemania.com\/modedescrutin.html\">Les modes de scrutin aux diff\u00e9rentes \u00e9lections fran\u00e7aises<\/a><\/p>\n","protected":false},"excerpt":{"rendered":"<p>Les modes de scrutin aux diff\u00e9rentes \u00e9lections fran\u00e7aises<\/p>\n","protected":false},"author":1,"featured_media":0,"parent":138,"menu_order":0,"comment_status":"closed","ping_status":"closed","template":"","meta":{"footnotes":""},"_links":{"self":[{"href":"http:\/\/ses-lfz.ch\/sesnet\/wp-json\/wp\/v2\/pages\/698"}],"collection":[{"href":"http:\/\/ses-lfz.ch\/sesnet\/wp-json\/wp\/v2\/pages"}],"about":[{"href":"http:\/\/ses-lfz.ch\/sesnet\/wp-json\/wp\/v2\/types\/page"}],"author":[{"embeddable":true,"href":"http:\/\/ses-lfz.ch\/sesnet\/wp-json\/wp\/v2\/users\/1"}],"replies":[{"embeddable":true,"href":"http:\/\/ses-lfz.ch\/sesnet\/wp-json\/wp\/v2\/comments?post=698"}],"version-history":[{"count":3,"href":"http:\/\/ses-lfz.ch\/sesnet\/wp-json\/wp\/v2\/pages\/698\/revisions"}],"predecessor-version":[{"id":702,"href":"http:\/\/ses-lfz.ch\/sesnet\/wp-json\/wp\/v2\/pages\/698\/revisions\/702"}],"up":[{"embeddable":true,"href":"http:\/\/ses-lfz.ch\/sesnet\/wp-json\/wp\/v2\/pages\/138"}],"wp:attachment":[{"href":"http:\/\/ses-lfz.ch\/sesnet\/wp-json\/wp\/v2\/media?parent=698"}],"curies":[{"name":"wp","href":"https:\/\/api.w.org\/{rel}","templated":true}]}}