{"id":804,"date":"2018-01-10T00:04:18","date_gmt":"2018-01-09T23:04:18","guid":{"rendered":"http:\/\/ses-lfz.ch\/sesnet\/?page_id=804"},"modified":"2019-02-07T11:07:25","modified_gmt":"2019-02-07T10:07:25","slug":"ressources-videos","status":"publish","type":"page","link":"http:\/\/ses-lfz.ch\/sesnet\/seconde-1-ses\/chapitre-3-qui-produit-des-richesses\/ressources-videos\/","title":{"rendered":"Ressources vid\u00e9os"},"content":{"rendered":"<p class=\"title style-scope ytd-video-primary-info-renderer\">Vid\u00e9o 1 : Dessine-moi l&rsquo;\u00e9co : Qu&rsquo;est-ce que le Produit Int\u00e9rieur Brut (PIB) ?<\/p>\n<p><iframe loading=\"lazy\" src=\"https:\/\/www.youtube.com\/embed\/ROpFSrUMs-A\" width=\"560\" height=\"315\" frameborder=\"0\" allowfullscreen=\"allowfullscreen\"><\/iframe><\/p>\n<p>Vid\u00e9o 2 : La diversit\u00e9 des organisations (version 1)<\/p>\n<p><iframe loading=\"lazy\" src=\"https:\/\/www.youtube.com\/embed\/KtoT0T8oUGg\" width=\"560\" height=\"315\" frameborder=\"0\" allowfullscreen=\"allowfullscreen\"><\/iframe><\/p>\n<p>Vid\u00e9o 3 : La diversit\u00e9 des organisations (version 2)<\/p>\n<p><iframe loading=\"lazy\" src=\"https:\/\/www.youtube.com\/embed\/x2drQTIfKVU\" width=\"560\" height=\"315\" frameborder=\"0\" allowfullscreen=\"allowfullscreen\"><\/iframe><\/p>\n<p>Vid\u00e9o 4 : Dessine-moi l&rsquo;\u00e9co : quel statut juridique pour une entreprise ?<\/p>\n<p><iframe loading=\"lazy\" src=\"https:\/\/www.youtube.com\/embed\/1Uts-yOEaVg\" width=\"560\" height=\"315\" frameborder=\"0\" allowfullscreen=\"allowfullscreen\"><\/iframe><\/p>\n<p>Vid\u00e9o 5 : Qu&rsquo;est-ce que l&rsquo;\u00e9conomie sociale ?<br \/>\n<iframe loading=\"lazy\" src=\"https:\/\/www.youtube.com\/embed\/k5nEI0bMMdc\" width=\"560\" height=\"315\" frameborder=\"0\" allowfullscreen=\"allowfullscreen\"><\/iframe><\/p>\n<p>Vid\u00e9o 6 : C&rsquo;est quoi une coop\u00e9rative ?<\/p>\n<p><iframe loading=\"lazy\" src=\"https:\/\/www.youtube.com\/embed\/7ux1ct0waLY\" width=\"560\" height=\"315\" frameborder=\"0\" allowfullscreen=\"allowfullscreen\"><\/iframe><\/p>\n<p>Vid\u00e9o 7 : C&rsquo;est quoi une coop\u00e9rative agricole ?<\/p>\n<p><iframe loading=\"lazy\" src=\"https:\/\/www.youtube.com\/embed\/OK8piiJVEdI\" width=\"560\" height=\"315\" frameborder=\"0\" allowfullscreen=\"allowfullscreen\"><\/iframe><\/p>\n<p>Vid\u00e9o 8 : Pr\u00e9sentation d&rsquo;une coop\u00e9rative d&rsquo;utilisation de mat\u00e9riel agricole <iframe loading=\"lazy\" src=\"https:\/\/www.youtube.com\/embed\/Umfy2sIng9M\" width=\"560\" height=\"315\" frameborder=\"0\" allowfullscreen=\"allowfullscreen\"><\/iframe><\/p>\n<p>Vid\u00e9o 9 : Une mutuelle, comment \u00e7a marche ?<\/p>\n<p><iframe loading=\"lazy\" src=\"https:\/\/www.youtube.com\/embed\/2XC1vzjwfjw\" width=\"560\" height=\"315\" frameborder=\"0\" allowfullscreen=\"allowfullscreen\"><\/iframe><\/p>\n<p>Vid\u00e9o 10 : Qu&rsquo;est-ce qu&rsquo;une SCOP ?<\/p>\n<p><iframe loading=\"lazy\" src=\"https:\/\/www.youtube.com\/embed\/4QhR_wM0MXk\" width=\"560\" height=\"315\" frameborder=\"0\" allowfullscreen=\"allowfullscreen\"><\/iframe><\/p>\n<p>Vid\u00e9o 11 : Production de biens et de services<\/p>\n<p><iframe loading=\"lazy\" src=\"https:\/\/www.dailymotion.com\/embed\/video\/x178057\" width=\"560\" height=\"315\" frameborder=\"0\" allowfullscreen=\"allowfullscreen\"><\/iframe><\/p>\n","protected":false},"excerpt":{"rendered":"<p>Vid\u00e9o 1 : Dessine-moi l&rsquo;\u00e9co : Qu&rsquo;est-ce que le Produit Int\u00e9rieur Brut (PIB) ? Vid\u00e9o 2 : La diversit\u00e9 des organisations (version 1) Vid\u00e9o 3 : La diversit\u00e9 des organisations (version 2) Vid\u00e9o 4 : Dessine-moi l&rsquo;\u00e9co : quel statut juridique pour une entreprise ? Vid\u00e9o 5 : Qu&rsquo;est-ce que l&rsquo;\u00e9conomie sociale ? Vid\u00e9o 6 [&hellip;]<\/p>\n","protected":false},"author":1,"featured_media":0,"parent":800,"menu_order":0,"comment_status":"closed","ping_status":"closed","template":"","meta":{"footnotes":""},"_links":{"self":[{"href":"http:\/\/ses-lfz.ch\/sesnet\/wp-json\/wp\/v2\/pages\/804"}],"collection":[{"href":"http:\/\/ses-lfz.ch\/sesnet\/wp-json\/wp\/v2\/pages"}],"about":[{"href":"http:\/\/ses-lfz.ch\/sesnet\/wp-json\/wp\/v2\/types\/page"}],"author":[{"embeddable":true,"href":"http:\/\/ses-lfz.ch\/sesnet\/wp-json\/wp\/v2\/users\/1"}],"replies":[{"embeddable":true,"href":"http:\/\/ses-lfz.ch\/sesnet\/wp-json\/wp\/v2\/comments?post=804"}],"version-history":[{"count":16,"href":"http:\/\/ses-lfz.ch\/sesnet\/wp-json\/wp\/v2\/pages\/804\/revisions"}],"predecessor-version":[{"id":1363,"href":"http:\/\/ses-lfz.ch\/sesnet\/wp-json\/wp\/v2\/pages\/804\/revisions\/1363"}],"up":[{"embeddable":true,"href":"http:\/\/ses-lfz.ch\/sesnet\/wp-json\/wp\/v2\/pages\/800"}],"wp:attachment":[{"href":"http:\/\/ses-lfz.ch\/sesnet\/wp-json\/wp\/v2\/media?parent=804"}],"curies":[{"name":"wp","href":"https:\/\/api.w.org\/{rel}","templated":true}]}}