{"id":836,"date":"2018-01-11T22:58:24","date_gmt":"2018-01-11T21:58:24","guid":{"rendered":"http:\/\/ses-lfz.ch\/sesnet\/?page_id=836"},"modified":"2018-04-02T10:56:52","modified_gmt":"2018-04-02T08:56:52","slug":"ressources-videos","status":"publish","type":"page","link":"http:\/\/ses-lfz.ch\/sesnet\/premiere-es\/chapitre-5-la-monnaie-et-le-financement-de-leconomie\/ressources-videos\/","title":{"rendered":"Ressources vid\u00e9os"},"content":{"rendered":"<p><iframe loading=\"lazy\" src=\"\/\/www.dailymotion.com\/embed\/video\/x2xk46y\" width=\"560\" height=\"315\" frameborder=\"0\" allowfullscreen=\"allowfullscreen\"><span style=\"display: inline-block; width: 0px; overflow: hidden; line-height: 0;\" data-mce-type=\"bookmark\" class=\"mce_SELRES_start\">\ufeff<\/span><span style=\"display: inline-block; width: 0px; overflow: hidden; line-height: 0;\" data-mce-type=\"bookmark\" class=\"mce_SELRES_start\">\ufeff<\/span><span data-mce-type=\"bookmark\" style=\"display: inline-block; width: 0px; overflow: hidden; line-height: 0;\" class=\"mce_SELRES_start\">\ufeff<\/span><span style=\"display: inline-block; width: 0px; overflow: hidden; line-height: 0;\" data-mce-type=\"bookmark\" class=\"mce_SELRES_start\">\ufeff<\/span><\/iframe><\/p>\n<p><iframe loading=\"lazy\" src=\"\/\/www.dailymotion.com\/embed\/video\/x2xk46v\" width=\"560\" height=\"315\" frameborder=\"0\" allowfullscreen=\"allowfullscreen\"><\/iframe><\/p>\n<p>Vid\u00e9o 3 : la cr\u00e9ation mon\u00e9taire<\/p>\n<p><iframe loading=\"lazy\" src=\"https:\/\/www.youtube.com\/embed\/9cSujzEo4A8\" width=\"560\" height=\"315\" frameborder=\"0\" allowfullscreen=\"allowfullscreen\"><\/iframe><br \/>\n<iframe loading=\"lazy\" src=\"\/\/www.dailymotion.com\/embed\/video\/x2xk468\" width=\"560\" height=\"315\" frameborder=\"0\" allowfullscreen=\"allowfullscreen\"><\/iframe><br \/>\n<iframe loading=\"lazy\" src=\"\/\/www.dailymotion.com\/embed\/video\/x2xk461\" width=\"560\" height=\"315\" frameborder=\"0\" allowfullscreen=\"allowfullscreen\"><\/iframe><br \/>\n<iframe loading=\"lazy\" src=\"\/\/www.dailymotion.com\/embed\/video\/x2xk460\" width=\"560\" height=\"315\" frameborder=\"0\" allowfullscreen=\"allowfullscreen\"><\/iframe><\/p>\n<p><iframe loading=\"lazy\" src=\"https:\/\/www.youtube.com\/embed\/o2u7Xa57y8A\" width=\"560\" height=\"315\" frameborder=\"0\" allowfullscreen=\"allowfullscreen\"><\/iframe><\/p>\n<p><strong>Le Monstre de l&rsquo;inflation\u00a0<\/strong>(Source Banque Centrale Europ\u00e9enne)<\/p>\n<p><iframe loading=\"lazy\" src=\"https:\/\/www.youtube.com\/embed\/Akg020fotes\" width=\"560\" height=\"315\" frameborder=\"0\" allowfullscreen=\"allowfullscreen\"><\/iframe><\/p>\n<p><iframe loading=\"lazy\" src=\"https:\/\/www.youtube.com\/embed\/NtGZQhsNKgs\" width=\"560\" height=\"315\" frameborder=\"0\" allowfullscreen=\"allowfullscreen\"><\/iframe><\/p>\n<p>&nbsp;<\/p>\n<p class=\"title style-scope ytd-video-primary-info-renderer\">Dessine-moi l&rsquo;\u00e9co : le Quantitative Easing<\/p>\n<p><iframe loading=\"lazy\" src=\"https:\/\/www.youtube.com\/embed\/8NSCwGxXplQ\" width=\"560\" height=\"315\" frameborder=\"0\" allowfullscreen=\"allowfullscreen\"><\/iframe><\/p>\n<p>&nbsp;<\/p>\n<p><iframe loading=\"lazy\" src=\"https:\/\/www.youtube.com\/embed\/cejxjT_4GA4\" width=\"560\" height=\"315\" frameborder=\"0\" allowfullscreen=\"allowfullscreen\"><\/iframe><\/p>\n<p>&nbsp;<\/p>\n<p><iframe loading=\"lazy\" src=\"https:\/\/www.youtube.com\/embed\/J-IGpqG16OA\" width=\"560\" height=\"315\" frameborder=\"0\" allowfullscreen=\"allowfullscreen\"><\/iframe><\/p>\n<p>&nbsp;<\/p>\n<p>Quand la croissance et la prosp\u00e9rit\u00e9 reviennent, que font les banques centrales ? Certains s&rsquo;inqui\u00e8tent de l&rsquo;augmentation des taux d&rsquo;int\u00e9r\u00eat.<\/p>\n<p><iframe loading=\"lazy\" src=\"https:\/\/www.youtube.com\/embed\/6Reu-eTIgh4\" width=\"560\" height=\"315\" frameborder=\"0\" allowfullscreen=\"allowfullscreen\"><\/iframe><\/p>\n<p>Pour Bercy, c&rsquo;\u00e9tait de l&rsquo;argent facile : des <a href=\"https:\/\/www.francetvinfo.fr\/economie\/deficit\/les-conditions-a-reunir-pour-atteindre-les-objectifs-de-reduction-du-deficit-sont-loin-d-etre-acquises-dit-cour-des-comptes-a-macron_2574133.html\">milliards d&rsquo;euros de dette<\/a>, emprunt\u00e9s \u00e0 des taux tr\u00e8s bas. Jusqu&rsquo;\u00e0 ces derni\u00e8res semaines, le taux des emprunts fran\u00e7ais \u00e0 dix ans est brusquement remont\u00e9 d&rsquo;environ 0,6% \u00e0 1%. Quelques dixi\u00e8mes de plus, mais une alerte tr\u00e8s s\u00e9rieuse selon l&rsquo;\u00e9conomiste Philippe Dessertine, car les cons\u00e9quences sur le budget de la France seront imm\u00e9diates : <em>\u00ab\u00a0Ca veut dire que l&rsquo;\u00e9quilibre que l&rsquo;on esp\u00e9rait atteindre par exemple \u00e0 la fin 2018 peut \u00eatre tr\u00e8s vite remis en question\u00a0\u00bb<\/em>. Pire, ajoute l&rsquo;\u00e9conomiste,<em> \u00ab\u00a0une remont\u00e9e acc\u00e9l\u00e9r\u00e9e des taux non contr\u00f4l\u00e9e, qui malheureusement semble \u00eatre le sc\u00e9nario des derniers jours, signifierait pour la France une tension tr\u00e8s tr\u00e8s rapide sur son budget\u00a0\u00bb. <\/em><\/p>\n<h2 class=\"subheader\">Une remont\u00e9e tr\u00e8s lente des taux<\/h2>\n<p>Exemple rien que cette ann\u00e9e, o\u00f9 la France compte emprunter environ 200 milliards d&rsquo;euros : si les taux remontent de seulement 1 point, la facture globale \u00e0 rembourser augmentera de 2 milliards d&rsquo;euros. Tous les regards se tournent donc vers Francfort (Allemagne), le si\u00e8ge de la <a href=\"https:\/\/www.francetvinfo.fr\/economie\/video-benoit-coeure-bce-il-faut-que-les-etats-retrouvent-une-force-de-frappe-budgetaire_2459644.html\">Banque Centrale Europ\u00e9enne<\/a> (BCE). C&rsquo;est elle qui depuis 2007 multiplie les interventions sur les march\u00e9s, pour maintenir des taux bas. Une action qui devient moins utile en p\u00e9riode de croissance. Toutefois, certains \u00e9conomistes estiment que la remont\u00e9e sera tr\u00e8s lente. Consid\u00e9r\u00e9e comme presque aussi s\u00fbre que la dette allemande, la dette fran\u00e7aise pourrait donc continuer d&rsquo;attirer les investisseurs.<\/p>\n<div class=\"left-wrapper\">\n<figure class=\"video\">\n<div class=\"ftv_player jqp-playerBox\">\n<div id=\"jqp-playerCtnr-0\" class=\"jqp-playerCtnr\">\n<div><\/div>\n<\/div>\n<div class=\"jqp-layerCtnr jqp-player-vueCtnr\">\n<div id=\"ftv-player-css-filter\" data-v-72d647d3=\"\">\n<div id=\"ftv-player-wrapper\" data-v-72d647d3=\"\">\n<div class=\"logo-placeholder\" data-v-69fe5790=\"\">FRANCE 2<\/div>\n<\/div>\n<\/div>\n<\/div>\n<\/div>\n<\/figure>\n<\/div>\n<div class=\"col-left\">\n<div class=\"author-wrapper\">\n<p><span class=\"avatar\"><img decoding=\"async\" loading=\"lazy\" class=\"avatar\" src=\"https:\/\/www.francetvinfo.fr\/skin\/1.2.449\/www\/img\/avatar\/france2.png\" alt=\"avatar\" width=\"40\" height=\"40\" border=\"0\" \/><\/span><\/p>\n<div class=\"authors-list\"><span class=\"author\">France 2 <\/span><span class=\"group\">France T\u00e9l\u00e9visions<\/span><\/div>\n<\/div>\n<p class=\"publish-date\">le <time datetime=\"2018-02-05T22:03:24+01:00\">05\/02\/2018 <\/time><\/p>\n<\/div>\n<p>&nbsp;<\/p>\n<p><iframe loading=\"lazy\" src=\"https:\/\/w.soundcloud.com\/player\/?url=https%3A\/\/api.soundcloud.com\/tracks\/383936681&amp;color=%23ff5500&amp;auto_play=false&amp;hide_related=false&amp;show_comments=true&amp;show_user=true&amp;show_reposts=false&amp;show_teaser=true&amp;visual=true\" width=\"100%\" height=\"300\" frameborder=\"no\" scrolling=\"no\"><\/iframe><\/p>\n","protected":false},"excerpt":{"rendered":"<p>\ufeff\ufeff\ufeff\ufeff Vid\u00e9o 3 : la cr\u00e9ation mon\u00e9taire Le Monstre de l&rsquo;inflation\u00a0(Source Banque Centrale Europ\u00e9enne) &nbsp; Dessine-moi l&rsquo;\u00e9co : le Quantitative Easing &nbsp; &nbsp; &nbsp; Quand la croissance et la prosp\u00e9rit\u00e9 reviennent, que font les banques centrales ? Certains s&rsquo;inqui\u00e8tent de l&rsquo;augmentation des taux d&rsquo;int\u00e9r\u00eat. Pour Bercy, c&rsquo;\u00e9tait de l&rsquo;argent facile : des milliards d&rsquo;euros de [&hellip;]<\/p>\n","protected":false},"author":1,"featured_media":0,"parent":105,"menu_order":0,"comment_status":"closed","ping_status":"closed","template":"","meta":{"footnotes":""},"_links":{"self":[{"href":"http:\/\/ses-lfz.ch\/sesnet\/wp-json\/wp\/v2\/pages\/836"}],"collection":[{"href":"http:\/\/ses-lfz.ch\/sesnet\/wp-json\/wp\/v2\/pages"}],"about":[{"href":"http:\/\/ses-lfz.ch\/sesnet\/wp-json\/wp\/v2\/types\/page"}],"author":[{"embeddable":true,"href":"http:\/\/ses-lfz.ch\/sesnet\/wp-json\/wp\/v2\/users\/1"}],"replies":[{"embeddable":true,"href":"http:\/\/ses-lfz.ch\/sesnet\/wp-json\/wp\/v2\/comments?post=836"}],"version-history":[{"count":16,"href":"http:\/\/ses-lfz.ch\/sesnet\/wp-json\/wp\/v2\/pages\/836\/revisions"}],"predecessor-version":[{"id":1079,"href":"http:\/\/ses-lfz.ch\/sesnet\/wp-json\/wp\/v2\/pages\/836\/revisions\/1079"}],"up":[{"embeddable":true,"href":"http:\/\/ses-lfz.ch\/sesnet\/wp-json\/wp\/v2\/pages\/105"}],"wp:attachment":[{"href":"http:\/\/ses-lfz.ch\/sesnet\/wp-json\/wp\/v2\/media?parent=836"}],"curies":[{"name":"wp","href":"https:\/\/api.w.org\/{rel}","templated":true}]}}