{"id":885,"date":"2018-02-05T21:51:36","date_gmt":"2018-02-05T20:51:36","guid":{"rendered":"http:\/\/ses-lfz.ch\/sesnet\/?page_id=885"},"modified":"2018-02-06T08:39:31","modified_gmt":"2018-02-06T07:39:31","slug":"ressources-videos","status":"publish","type":"page","link":"http:\/\/ses-lfz.ch\/sesnet\/premiere-es\/chapitre-4-les-limites-du-marche\/ressources-videos\/","title":{"rendered":"Ressources vid\u00e9os"},"content":{"rendered":"<p>Vid\u00e9o 1 : Comment les march\u00e9s imparfaits fonctionnent-ils ?<\/p>\n<p><iframe loading=\"lazy\" src=\"https:\/\/www.youtube.com\/embed\/Xwwj0SbKAHg\" width=\"560\" height=\"315\" frameborder=\"0\" allowfullscreen=\"allowfullscreen\"><\/iframe><\/p>\n<p>Vid\u00e9o 2 : Quelles sont les principales d\u00e9faillances de march\u00e9 ?<\/p>\n<p><iframe loading=\"lazy\" src=\"https:\/\/www.youtube.com\/embed\/KUfGp8k3fHc\" width=\"560\" height=\"315\" frameborder=\"0\" allowfullscreen=\"allowfullscreen\"><\/iframe><\/p>\n<p><iframe loading=\"lazy\" width=\"560\" height=\"315\" src=\"https:\/\/www.youtube.com\/embed\/TSRTrSRBNMY\" frameborder=\"0\" allow=\"autoplay; encrypted-media\" allowfullscreen><\/iframe><\/p>\n<p><iframe loading=\"lazy\" width=\"560\" height=\"315\" src=\"https:\/\/www.youtube.com\/embed\/-8OhqrRaXrs\" frameborder=\"0\" allow=\"autoplay; encrypted-media\" allowfullscreen><\/iframe><\/p>\n<p><iframe loading=\"lazy\" src=\"\/\/www.dailymotion.com\/embed\/video\/x2xk47o\" allowfullscreen=\"\" allow=\"autoplay\" width=\"480\" height=\"270\" frameborder=\"0\"><\/iframe><\/p>\n<p><iframe loading=\"lazy\" frameborder=\"0\" width=\"480\" height=\"270\" src=\"\/\/www.dailymotion.com\/embed\/video\/x2xk47b\" allowfullscreen allow=\"autoplay\"><\/iframe><\/p>\n<p><iframe loading=\"lazy\" frameborder=\"0\" width=\"480\" height=\"270\" src=\"\/\/www.dailymotion.com\/embed\/video\/x2xk47c\" allowfullscreen allow=\"autoplay\"><\/iframe><\/p>\n<p><iframe loading=\"lazy\" frameborder=\"0\" width=\"480\" height=\"270\" src=\"\/\/www.dailymotion.com\/embed\/video\/x2xk478\" allowfullscreen allow=\"autoplay\"><\/iframe><\/p>\n<p><iframe loading=\"lazy\" frameborder=\"0\" width=\"480\" height=\"270\" src=\"\/\/www.dailymotion.com\/embed\/video\/x2xk473\" allowfullscreen allow=\"autoplay\"><\/iframe><\/p>\n","protected":false},"excerpt":{"rendered":"<p>Vid\u00e9o 1 : Comment les march\u00e9s imparfaits fonctionnent-ils ? Vid\u00e9o 2 : Quelles sont les principales d\u00e9faillances de march\u00e9 ?<\/p>\n","protected":false},"author":1,"featured_media":0,"parent":103,"menu_order":0,"comment_status":"closed","ping_status":"closed","template":"","meta":{"footnotes":""},"_links":{"self":[{"href":"http:\/\/ses-lfz.ch\/sesnet\/wp-json\/wp\/v2\/pages\/885"}],"collection":[{"href":"http:\/\/ses-lfz.ch\/sesnet\/wp-json\/wp\/v2\/pages"}],"about":[{"href":"http:\/\/ses-lfz.ch\/sesnet\/wp-json\/wp\/v2\/types\/page"}],"author":[{"embeddable":true,"href":"http:\/\/ses-lfz.ch\/sesnet\/wp-json\/wp\/v2\/users\/1"}],"replies":[{"embeddable":true,"href":"http:\/\/ses-lfz.ch\/sesnet\/wp-json\/wp\/v2\/comments?post=885"}],"version-history":[{"count":10,"href":"http:\/\/ses-lfz.ch\/sesnet\/wp-json\/wp\/v2\/pages\/885\/revisions"}],"predecessor-version":[{"id":933,"href":"http:\/\/ses-lfz.ch\/sesnet\/wp-json\/wp\/v2\/pages\/885\/revisions\/933"}],"up":[{"embeddable":true,"href":"http:\/\/ses-lfz.ch\/sesnet\/wp-json\/wp\/v2\/pages\/103"}],"wp:attachment":[{"href":"http:\/\/ses-lfz.ch\/sesnet\/wp-json\/wp\/v2\/media?parent=885"}],"curies":[{"name":"wp","href":"https:\/\/api.w.org\/{rel}","templated":true}]}}